{"id":317,"date":"2024-12-05T16:43:04","date_gmt":"2024-12-05T16:43:04","guid":{"rendered":"https:\/\/luciemontpetit.com\/?page_id=317"},"modified":"2025-03-10T17:12:46","modified_gmt":"2025-03-10T17:12:46","slug":"privacy-policy","status":"publish","type":"page","link":"https:\/\/luciemontpetit.com\/fr\/privacy-policy\/","title":{"rendered":"Privacy Policy: Protecting Your Data"},"content":{"rendered":"<p>[et_pb_section fb_built=&#8221;1&#8243; _builder_version=&#8221;4.27.4&#8243; _module_preset=&#8221;default&#8221; custom_css_main_element=&#8221;padding-top:210px !important;&#8221; global_colors_info=&#8221;{}&#8221;][et_pb_row _builder_version=&#8221;4.27.2&#8243; _module_preset=&#8221;default&#8221; global_colors_info=&#8221;{}&#8221;][et_pb_column type=&#8221;4_4&#8243; _builder_version=&#8221;4.27.2&#8243; _module_preset=&#8221;default&#8221; global_colors_info=&#8221;{}&#8221;][et_pb_text _builder_version=&#8221;4.27.2&#8243; _module_preset=&#8221;default&#8221; text_text_color=&#8221;#000000&#8243; text_font_size=&#8221;16px&#8221; header_text_color=&#8221;#000000&#8243; width=&#8221;80%&#8221; max_width=&#8221;1024px&#8221; module_alignment=&#8221;center&#8221; global_colors_info=&#8221;{}&#8221;]<\/p>\n<h1><b>Politique de vie priv\u00e9e<\/b><\/h1>\n<h1><b>\u00a0<\/b><\/h1>\n<ol>\n<li><b> INTRODUCTION\u00a0<\/b><\/li>\n<\/ol>\n<p><span style=\"font-weight: 400;\">Cette politique de vie priv\u00e9e vous fournit des d\u00e9tails sur la mani\u00e8re dont nous collectons et traitons vos donn\u00e9es personnelles en rapport avec votre utilisation de notre site Web https:\/\/luciemontpetit.com\/ et de toutes nos applications, outils et plateformes Web auxquels vous avez souscrit via notre site Web ou que nous mettons autrement \u00e0 votre disposition, et qui sont d\u00e9velopp\u00e9s, exploit\u00e9s et maintenus par nous, accessibles via https:\/\/luciemontpetit.com\/, que nous vous fournissons.\u00a0<\/span><\/p>\n<p><span style=\"font-weight: 400;\">En nous fournissant vos donn\u00e9es, vous garantissez que vous avez plus de 13 ans.\u00a0<\/span><\/p>\n<p><span style=\"font-weight: 400;\">Lucie Montpetit contr\u00f4le les donn\u00e9es, et nous sommes responsables de vos donn\u00e9es personnelles (d\u00e9sign\u00e9es par \"nous\", \"notre\" ou \"nos\" dans cette politique de vie priv\u00e9e). Si vous avez des questions concernant cette politique de vie priv\u00e9e, veuillez contacter coaching@luciemontpetit.com. <\/span><span style=\"font-weight: 400;\">coaching@luciemotnpetit.com\u00a0<\/span><\/p>\n<p><span style=\"font-weight: 400;\">Coordonn\u00e9es\u00a0<\/span><\/p>\n<p><span style=\"font-weight: 400;\">Nos coordonn\u00e9es compl\u00e8tes sont les suivantes:\u00a0<\/span><\/p>\n<p><span style=\"font-weight: 400;\">Nom complet de l'entit\u00e9 l\u00e9gale : Lucie Montpetit Adresse\u00a0<\/span><\/p>\n<p><span style=\"font-weight: 400;\">courriel : coaching@luciemontpetit.com <\/span><span style=\"font-weight: 400;\">coaching@luciemontpetit.com\u00a0<\/span><\/p>\n<p><span style=\"font-weight: 400;\">Adresse : 505, ch. L\u00e9o-Bouvrette, Mont-Tremblant, Qu\u00e9bec J8E 2J2\u00a0<\/span><\/p>\n<ol start=\"2\">\n<li><b> QUELLES DONN\u00c9ES COLLECTONS-NOUS \u00c0 VOTRE SUJET, \u00c0 QUELLES FINS ET SUR QUELLE BASE LES TRAITONS-NOUS?\u00a0<\/b><\/li>\n<\/ol>\n<p><span style=\"font-weight: 400;\">Les donn\u00e9es personnelles sont toutes les informations qui peuvent identifier un individu. Elles n'incluent pas les donn\u00e9es anonymis\u00e9es.\u00a0<\/span><\/p>\n<p><span style=\"font-weight: 400;\">Nous pouvons traiter les cat\u00e9gories suivantes de donn\u00e9es personnelles vous concernant:\u00a0<\/span><\/p>\n<p><span style=\"font-weight: 400;\">Les donn\u00e9es de communication, qui incluent toute communication que vous nous envoyez, que ce soit via notre formulaire de contact sur le site Web, par courriel, texte, messagerie sur les r\u00e9seaux sociaux ou toute autre communication que vous nous envoyez. Nous traitons ces donn\u00e9es dans le but de communiquer avec vous, de tenir des registres et d'\u00e9tablir, de poursuivre ou de d\u00e9fendre des r\u00e9clamations l\u00e9gales. Notre raison l\u00e9gitime pour ce traitement est nos int\u00e9r\u00eats l\u00e9gitimes qui, dans ce cas, consistent \u00e0 r\u00e9pondre aux communications qui nous sont envoy\u00e9es, \u00e0 tenir des registres et \u00e0 \u00e9tablir, poursuivre ou d\u00e9fendre des r\u00e9clamations l\u00e9gales.\u00a0<\/span><\/p>\n<p><span style=\"font-weight: 400;\">Les donn\u00e9es client incluent des donn\u00e9es relatives \u00e0 tout achat de biens et\/ou de services, telles que votre nom, titre, adresse de facturation, adresse de livraison, adresse courriel, num\u00e9ro de t\u00e9l\u00e9phone, coordonn\u00e9es, d\u00e9tails des achats et d\u00e9tails de la carte. Nous traitons ces donn\u00e9es pour fournir les biens et\/ou services que vous avez achet\u00e9s et pour tenir des registres de ces transactions. Notre base l\u00e9gale pour ce traitement est l'ex\u00e9cution d'un contrat entre vous et nous et\/ou la prise de mesures \u00e0 votre demande pour conclure ce contrat.\u00a0<\/span><\/p>\n<p><span style=\"font-weight: 400;\">Donn\u00e9es de paiement - Nous ne stockons pas les d\u00e9tails des cartes de cr\u00e9dit, et nous ne partageons pas les d\u00e9tails financiers avec des tiers.<\/span><\/p>\n<p><span style=\"font-weight: 400;\">1\u00a0<\/span><\/p>\n<p><span style=\"font-weight: 400;\">Ce sont des donn\u00e9es relatives \u00e0 la mani\u00e8re dont vous utilisez notre site Web et tout autre service en ligne, ainsi que les donn\u00e9es que vous soumettez pour publication sur notre site Web ou via d'autres services en ligne. Nous traitons ces donn\u00e9es afin de faire fonctionner notre site Web et de garantir que le contenu pertinent vous soit fourni, de garantir la s\u00e9curit\u00e9 de notre site Web, de maintenir des sauvegardes de notre site Web et\/ou de nos bases de donn\u00e9es et de permettre la publication et l'administration de notre site Web, d'autres services en ligne et de notre entreprise. La raison l\u00e9gale de ce traitement est notre int\u00e9r\u00eat l\u00e9gitime qui, dans ce cas, est de nous permettre de g\u00e9rer correctement notre site Web et notre entreprise.\u00a0<\/span><\/p>\n<p><span style=\"font-weight: 400;\">Donn\u00e9es techniques qui incluent des donn\u00e9es sur votre utilisation de notre site Web et de nos services en ligne, telles que votre adresse IP, vos informations de connexion, les d\u00e9tails de votre navigateur, le temps que vous passez \u00e0 visiter les pages de notre site Web, les vues des pages et les chemins de navigation, des d\u00e9tails sur le nombre de fois que vous utilisez notre site Web, les param\u00e8tres de fuseau horaire et d'autres technologies concernant les appareils que vous utilisez pour acc\u00e9der \u00e0 notre site Web. La source de ces donn\u00e9es est notre syst\u00e8me de suivi analytique. Nous traitons ces donn\u00e9es pour analyser votre utilisation de notre site Web et d'autres services en ligne, pour administrer et prot\u00e9ger notre entreprise et notre site Web, pour vous fournir du contenu et des publicit\u00e9s pertinents sur le site Web, et pour comprendre l'efficacit\u00e9 de nos publicit\u00e9s. Notre base l\u00e9gale pour ce traitement est notre int\u00e9r\u00eat l\u00e9gitime qui, dans ce cas, est de nous permettre de g\u00e9rer correctement notre site Web et notre entreprise et de d\u00e9velopper notre entreprise et de d\u00e9cider de notre strat\u00e9gie marketing.\u00a0<\/span><\/p>\n<p><span style=\"font-weight: 400;\">Donn\u00e9es marketing qui incluent des donn\u00e9es sur vos pr\u00e9f\u00e9rences pour recevoir des communications marketing de notre part et de la part de nos tiers, ainsi que vos pr\u00e9f\u00e9rences de communication. Nous traitons ces donn\u00e9es pour vous permettre de participer \u00e0 nos promotions telles que des concours, des tirages au sort et des cadeaux gratuits, pour vous fournir du contenu et des publicit\u00e9s pertinents sur le site Web et pour mesurer ou comprendre l'efficacit\u00e9 de ces publicit\u00e9s. La raison l\u00e9gale de ce traitement est notre int\u00e9r\u00eat l\u00e9gitime qui, dans ce cas, est d'\u00e9tudier comment les clients utilisent nos produits\/services, de les d\u00e9velopper, de faire cro\u00eetre notre entreprise et de d\u00e9cider de nos strat\u00e9gies marketing.\u00a0<\/span><\/p>\n<p><span style=\"font-weight: 400;\">Nous pouvons utiliser les donn\u00e9es client, les donn\u00e9es utilisateur, les donn\u00e9es techniques et les donn\u00e9es marketing pour vous fournir du contenu et des publicit\u00e9s pertinents sur le site Web (y compris la publicit\u00e9 sur Facebook ou d'autres publicit\u00e9s d'affichage) et pour mesurer ou comprendre l'efficacit\u00e9 des publicit\u00e9s que nous vous fournissons. Notre raison l\u00e9gale pour ce traitement est notre int\u00e9r\u00eat l\u00e9gitime \u00e0 d\u00e9velopper notre entreprise. Nous pouvons \u00e9galement utiliser ces donn\u00e9es pour vous envoyer d'autres communications marketing. La base juridique de ce traitement est le consentement ou les int\u00e9r\u00eats l\u00e9gitimes (c'est-\u00e0-dire le d\u00e9veloppement de notre entreprise).\u00a0<\/span><\/p>\n<p><b>Donn\u00e9es sensibles\u00a0<\/b><\/p>\n<p><span style=\"font-weight: 400;\">Nous ne collectons pas de donn\u00e9es sensibles vous concernant. Les donn\u00e9es sensibles sont des donn\u00e9es qui incluent des informations sur votre race ou votre ethnie, vos croyances religieuses ou philosophiques, votre vie sexuelle, votre orientation sexuelle, vos opinions politiques, votre adh\u00e9sion \u00e0 un syndicat, vos informations de sant\u00e9 et vos donn\u00e9es g\u00e9n\u00e9tiques et biom\u00e9triques. Nous ne collectons pas d'informations sur les condamnations p\u00e9nales ou les infractions.\u00a0<\/span><\/p>\n<p><span style=\"font-weight: 400;\">Nous avons besoin de votre consentement explicite pour traiter les donn\u00e9es sensibles. Par cons\u00e9quent, lorsque vous soumettez vos informations, nous vous enverrons une communication suppl\u00e9mentaire vous demandant de confirmer votre consentement \u00e0 ce traitement. Si nous avons besoin d'informations sur votre capacit\u00e9 \u00e0 exercer ou \u00e0 recevoir des soins, ces informations resteront confidentielles en vertu des lois qu\u00e9b\u00e9coises sur la protection de la vie priv\u00e9e et ne seront jamais partag\u00e9es avec des tiers. Elles resteront dans votre dossier personnel et seule la personne responsable de\u00a0<\/span><\/p>\n<p><span style=\"font-weight: 400;\">2\u00a0<\/span><\/p>\n<p><span style=\"font-weight: 400;\">vos soins, de votre formation ou de votre coaching aura acc\u00e8s aux informations pour assurer votre s\u00e9curit\u00e9 et votre bien-\u00eatre. Nous ne collectons pas d'informations sur les condamnations p\u00e9nales ou les infractions.\u00a0<\/span><\/p>\n<p><span style=\"font-weight: 400;\">Lorsque nous sommes tenus de collecter des donn\u00e9es personnelles en vertu de la loi ou en vertu des termes du contrat entre nous, et que vous ne nous fournissez pas ces donn\u00e9es lorsque nous les demandons, nous pourrions ne pas \u00eatre en mesure d'ex\u00e9cuter le contrat (par exemple, vous livrer des biens ou des services). Si vous ne nous fournissez pas les donn\u00e9es demand\u00e9es, nous pourrions devoir annuler un produit ou un service que vous avez command\u00e9, mais si nous le faisons, nous vous en informerons au moment venu.\u00a0<\/span><\/p>\n<p><span style=\"font-weight: 400;\">Nous n'utiliserons vos donn\u00e9es personnelles que dans le but pour lequel elles ont \u00e9t\u00e9 collect\u00e9es ou pour un but raisonnablement compatible si n\u00e9cessaire. Pour plus d'informations \u00e0 ce sujet, veuillez nous envoyer un e-mail \u00e0 zen@luciemontpetit.com. Si nous avons besoin d'utiliser vos donn\u00e9es \u00e0 une nouvelle fin non li\u00e9e, nous vous en informerons et vous expliquerons les bases juridiques du traitement.\u00a0<\/span><\/p>\n<p><span style=\"font-weight: 400;\">Nous pourrions traiter vos donn\u00e9es personnelles sans votre connaissance ou consentement lorsque cela est requis ou autoris\u00e9 par la loi.\u00a0<\/span><\/p>\n<p><span style=\"font-weight: 400;\">Nous n'utilisons pas de prise de d\u00e9cision automatis\u00e9e ou de tout type de profilage automatis\u00e9. <\/span><b>3. COMMENT NOUS COLLECTONS VOS DONN\u00c9ES PERSONNELLES\u00a0<\/b><\/p>\n<p><span style=\"font-weight: 400;\">Nous pouvons collecter des donn\u00e9es vous concernant en vous demandant de nous les fournir directement (par exemple, en remplissant des formulaires sur notre site ou en nous envoyant des e-mails). Nous pouvons automatiquement collecter certaines donn\u00e9es vous concernant lorsque vous utilisez notre site web en utilisant des cookies et des technologies similaires. Veuillez consulter notre politique de cookies pour plus de d\u00e9tails sur notre politique de cookies.\u00a0<\/span><\/p>\n<p><span style=\"font-weight: 400;\">Nous pouvons recevoir des donn\u00e9es de tiers, tels que des fournisseurs d'analyses, comme Google, bas\u00e9s \u00e0 l'ext\u00e9rieur du Canada, des r\u00e9seaux publicitaires, comme Facebook, bas\u00e9s \u00e0 l'ext\u00e9rieur du Canada, et des fournisseurs d'informations de recherche, comme Google, bas\u00e9s \u00e0 l'ext\u00e9rieur du Canada.\u00a0<\/span><\/p>\n<p><span style=\"font-weight: 400;\">Nous pouvons recevoir des donn\u00e9es de tiers, tels que des fournisseurs d'analyses, comme Google, bas\u00e9s \u00e0 l'ext\u00e9rieur du Canada, des r\u00e9seaux publicitaires, comme Facebook, bas\u00e9s \u00e0 l'ext\u00e9rieur du Canada, et des fournisseurs d'informations de recherche, comme Google, bas\u00e9s \u00e0 l'ext\u00e9rieur du Canada.\u00a0<\/span><\/p>\n<ol start=\"4\">\n<li><b> COMMUNICATIONS COMMERCIALES\u00a0<\/b><\/li>\n<\/ol>\n<p><span style=\"font-weight: 400;\">La raison l\u00e9gitime pour laquelle nous traitons vos donn\u00e9es personnelles afin de vous envoyer des communications commerciales est soit votre consentement, soit nos int\u00e9r\u00eats l\u00e9gitimes (c'est-\u00e0-dire le d\u00e9veloppement de notre entreprise).\u00a0<\/span><\/p>\n<p><span style=\"font-weight: 400;\">Nous ne vendrons jamais vos donn\u00e9es personnelles ni ne les transf\u00e9rerons \u00e0 un tiers.\u00a0<\/span><\/p>\n<p><span style=\"font-weight: 400;\">Vous pouvez demander \u00e0 nous ou \u00e0 des tiers d'arr\u00eater de vous envoyer des messages marketing \u00e0 tout moment en (i) vous connectant sur le site et en cochant ou d\u00e9cochant les cases pertinentes pour ajuster vos pr\u00e9f\u00e9rences marketing (ii) en suivant les liens de d\u00e9sinscription sur tout message marketing envoy\u00e9 \u00e0 vous ou (iii) en nous envoyant un e-mail \u00e0 coaching@luciemontpetit.com. <\/span><span style=\"font-weight: 400;\">coaching@luciemontpetit.com <\/span><span style=\"font-weight: 400;\">.\u00a0\u00a0<\/span><\/p>\n<p><span style=\"font-weight: 400;\">Si vous choisissez de ne pas recevoir de communications marketing, cette option de d\u00e9sinscription ne s'applique pas aux donn\u00e9es personnelles fournies dans le cadre d'autres transactions, telles que les achats, les enregistrements de garantie, etc., dont vous \u00eates responsable.<\/span><\/p>\n<p><span style=\"font-weight: 400;\">3\u00a0<\/span><\/p>\n<ol start=\"5\">\n<li><b> DIVULGATION DE VOS DONN\u00c9ES PERSONNELLES\u00a0<\/b><\/li>\n<\/ol>\n<p><span style=\"font-weight: 400;\">Nous pouvons partager vos donn\u00e9es personnelles avec les parties ci-dessous:\u00a0<\/span><\/p>\n<p><span style=\"font-weight: 400;\">D'autres soci\u00e9t\u00e9s de notre groupe qui nous fournissent des services ;\u00a0\u00a0<\/span><\/p>\n<p><span style=\"font-weight: 400;\">Des prestataires de services qui fournissent des services informatiques et d'administration des syst\u00e8mes; Des agences gouvernementales qui nous obligent \u00e0 signaler les activit\u00e9s de traitement. <\/span><b>6. S\u00c9CURIT\u00c9 DES DONN\u00c9ES\u00a0<\/b><\/p>\n<p><span style=\"font-weight: 400;\">Nous avons mis en place des mesures de s\u00e9curit\u00e9 pour emp\u00eacher vos donn\u00e9es personnelles d'\u00eatre accidentellement perdues, utilis\u00e9es, modifi\u00e9es, divulgu\u00e9es ou accessibles sans autorisation. Nous permettons \u00e9galement l'acc\u00e8s \u00e0 vos donn\u00e9es personnelles uniquement aux employ\u00e9s et partenaires qui ont un besoin commercial de conna\u00eetre ces donn\u00e9es. Ils traiteront uniquement vos donn\u00e9es personnelles selon nos instructions et doivent en assurer la confidentialit\u00e9.\u00a0<\/span><\/p>\n<p><span style=\"font-weight: 400;\">Nous avons des proc\u00e9dures en place pour traiter toute violation suspect\u00e9e des donn\u00e9es personnelles et vous informerons, ainsi que tout organisme de r\u00e9glementation applicable, en cas de violation si nous sommes l\u00e9galement tenus de le faire.\u00a0<\/span><\/p>\n<ol start=\"7\">\n<li><b> CONSERVATION DES DONN\u00c9ES\u00a0<\/b><\/li>\n<\/ol>\n<p><span style=\"font-weight: 400;\">Nous ne conserverons vos donn\u00e9es personnelles que le temps n\u00e9cessaire pour accomplir les finalit\u00e9s pour lesquelles nous les avons collect\u00e9es, y compris pour r\u00e9pondre \u00e0 toute exigence l\u00e9gale, comptable ou de reporting.\u00a0<\/span><\/p>\n<p><span style=\"font-weight: 400;\">Pour d\u00e9cider de la dur\u00e9e appropri\u00e9e de conservation des donn\u00e9es, nous prenons en compte leur quantit\u00e9, nature et sensibilit\u00e9, le risque de pr\u00e9judice en cas d'utilisation ou de divulgation non autoris\u00e9e, les finalit\u00e9s du traitement, si celles-ci peuvent \u00eatre r\u00e9alis\u00e9es par d'autres moyens et les exigences l\u00e9gales.\u00a0<\/span><\/p>\n<p><span style=\"font-weight: 400;\">Dans certaines circonstances, nous pouvons anonymiser vos donn\u00e9es personnelles \u00e0 des fins de recherche ou statistiques, auquel cas nous pouvons utiliser ces informations ind\u00e9finiment sans vous en informer.\u00a0<\/span><\/p>\n<ol start=\"8\">\n<li><b> VOS DROITS L\u00c9GAUX\u00a0<\/b><\/li>\n<\/ol>\n<p><span style=\"font-weight: 400;\">Conform\u00e9ment aux lois sur la protection des donn\u00e9es, vous avez des droits relatifs \u00e0 vos donn\u00e9es personnelles, notamment le droit de demander l'acc\u00e8s, la rectification, l'effacement, la limitation, le transfert, de vous opposer au traitement, la portabilit\u00e9 des donn\u00e9es et (lorsque le motif l\u00e9gitime du traitement est le consentement) de retirer votre consentement.\u00a0<\/span><\/p>\n<p class=\"translation-block\">Vous pouvez en savoir plus sur ces droits \u00e0 l'adresse suivante : <span style=\"font-weight: 400\">https:\/\/laws lois.justice.gc.ca\/fra\/lois\/P-8.6\/TexteComplet.html<\/span><span style=\"font-weight: 400\">\u00a0<\/span><\/p>\n<p class=\"translation-block\">Si vous souhaitez exercer l'un des droits \u00e9nonc\u00e9s ci-dessus, veuillez nous envoyer un e-mail \u00e0 coaching@luciemontpetit.com.<\/p>\n<p><span style=\"font-weight: 400;\">Vous ne serez pas factur\u00e9 pour acc\u00e9der \u00e0 vos donn\u00e9es personnelles (ou pour exercer l'un de vos autres droits). Toutefois, nous pouvons facturer des frais raisonnables si votre demande est manifestement infond\u00e9e, r\u00e9p\u00e9titive ou excessive, ou refuser de r\u00e9pondre \u00e0 votre demande dans de telles circonstances.<\/span><\/p>\n<p><span style=\"font-weight: 400;\">4\u00a0<\/span><\/p>\n<p><span style=\"font-weight: 400;\">Nous pouvons avoir besoin de vous demander des informations sp\u00e9cifiques pour nous aider \u00e0 confirmer votre identit\u00e9 et \u00e0 garantir votre droit d'acc\u00e8s \u00e0 vos donn\u00e9es personnelles (ou \u00e0 exercer l'un de vos autres droits). Il s'agit d'une mesure de s\u00e9curit\u00e9 con\u00e7ue pour garantir que les donn\u00e9es personnelles ne soient pas divulgu\u00e9es \u00e0 quiconque n'a pas le droit de les recevoir. Nous pourrions \u00e9galement vous contacter pour demander des informations compl\u00e9mentaires concernant votre demande afin d'acc\u00e9l\u00e9rer notre r\u00e9ponse.\u00a0<\/span><\/p>\n<p><span style=\"font-weight: 400;\">Nous visons \u00e0 r\u00e9pondre \u00e0 toutes les demandes l\u00e9gitimes dans un d\u00e9lai d'un mois. Il se peut que nous ayons besoin de plus d'un mois si votre demande est particuli\u00e8rement complexe ou si vous avez fait plusieurs demandes. Dans ce cas, nous vous en informerons.\u00a0<\/span><\/p>\n<p class=\"translation-block\">Si vous \u00eates insatisfait de tout aspect de la mani\u00e8re dont nous collectons et utilisons vos donn\u00e9es, nous vous serions reconnaissants de nous contacter d'abord si vous avez une plainte, afin que nous puissions essayer de la r\u00e9soudre pour vous. Veuillez contacter coaching@luciemontpetit.com.<\/p>\n<ol start=\"9\">\n<li><b> LIENS VERS DES TIERS\u00a0<\/b><\/li>\n<\/ol>\n<p><span style=\"font-weight: 400;\">Ce site web peut inclure des liens vers des sites web, des plug-ins et des applications de tiers. Cliquer sur ces liens ou activer ces connexions peut permettre \u00e0 des tiers de collecter ou de partager des donn\u00e9es vous concernant. Nous ne contr\u00f4lons pas ces sites web tiers et ne sommes pas responsables de leurs d\u00e9clarations de confidentialit\u00e9. Lorsque vous quittez notre site web, nous vous encourageons \u00e0 lire la d\u00e9claration de confidentialit\u00e9 de chaque site web que vous visitez.\u00a0<\/span><\/p>\n<ol start=\"10\">\n<li><b> COOKIES\u00a0<\/b><\/li>\n<\/ol>\n<p><span style=\"font-weight: 400;\">Vous pouvez configurer votre navigateur pour refuser tous les cookies ou certains cookies, ou pour vous alerter lorsque des sites web cr\u00e9ent ou acc\u00e8dent \u00e0 des cookies. Si vous d\u00e9sactivez ou refusez les cookies, veuillez noter que certaines parties de ce site web peuvent devenir inaccessibles ou ne pas fonctionner correctement. Pour plus d'informations sur les cookies que nous utilisons, veuillez consulter notre politique de cookies.<\/span><\/p>\n<p>[\/et_pb_text][\/et_pb_column][\/et_pb_row][\/et_pb_section]<\/p>","protected":false},"excerpt":{"rendered":"<p>Privacy Policy \u00a0 INTRODUCTION\u00a0 This privacy notice provides you with details of how we collect and process your personal\u00a0 data in connection with your use of our website https:\/\/luciemontpetit.com\/ and all of our\u00a0 web-based applications, tools and platforms which you have subscribed to through our\u00a0 website or which we otherwise make available to you, and [&hellip;]<\/p>","protected":false},"author":2,"featured_media":0,"parent":0,"menu_order":0,"comment_status":"closed","ping_status":"closed","template":"","meta":{"_et_pb_use_builder":"on","_et_pb_old_content":"","_et_gb_content_width":"","inline_featured_image":false,"footnotes":""},"class_list":["post-317","page","type-page","status-publish","hentry"],"aioseo_notices":[],"_links":{"self":[{"href":"https:\/\/luciemontpetit.com\/fr\/wp-json\/wp\/v2\/pages\/317","targetHints":{"allow":["GET"]}}],"collection":[{"href":"https:\/\/luciemontpetit.com\/fr\/wp-json\/wp\/v2\/pages"}],"about":[{"href":"https:\/\/luciemontpetit.com\/fr\/wp-json\/wp\/v2\/types\/page"}],"author":[{"embeddable":true,"href":"https:\/\/luciemontpetit.com\/fr\/wp-json\/wp\/v2\/users\/2"}],"replies":[{"embeddable":true,"href":"https:\/\/luciemontpetit.com\/fr\/wp-json\/wp\/v2\/comments?post=317"}],"version-history":[{"count":5,"href":"https:\/\/luciemontpetit.com\/fr\/wp-json\/wp\/v2\/pages\/317\/revisions"}],"predecessor-version":[{"id":677,"href":"https:\/\/luciemontpetit.com\/fr\/wp-json\/wp\/v2\/pages\/317\/revisions\/677"}],"wp:attachment":[{"href":"https:\/\/luciemontpetit.com\/fr\/wp-json\/wp\/v2\/media?parent=317"}],"curies":[{"name":"wp","href":"https:\/\/api.w.org\/{rel}","templated":true}]}}