{"id":222,"date":"2024-12-02T17:17:11","date_gmt":"2024-12-02T17:17:11","guid":{"rendered":"https:\/\/luciemontpetit.com\/?page_id=222"},"modified":"2025-03-10T17:06:20","modified_gmt":"2025-03-10T17:06:20","slug":"free-consultation","status":"publish","type":"page","link":"https:\/\/luciemontpetit.com\/fr\/free-consultation\/","title":{"rendered":"Life Coaching Free Consultation"},"content":{"rendered":"<p>[et_pb_section fb_built=&#8221;1&#8243; _builder_version=&#8221;4.27.4&#8243; _module_preset=&#8221;default&#8221; custom_css_main_element=&#8221;padding-top:210px !important;&#8221; global_colors_info=&#8221;{}&#8221;][et_pb_row _builder_version=&#8221;4.27.2&#8243; _module_preset=&#8221;default&#8221; global_colors_info=&#8221;{}&#8221;][et_pb_column type=&#8221;4_4&#8243; _builder_version=&#8221;4.27.2&#8243; _module_preset=&#8221;default&#8221; global_colors_info=&#8221;{}&#8221;][et_pb_text _builder_version=&#8221;4.27.2&#8243; _module_preset=&#8221;default&#8221; header_2_font=&#8221;|600|||||||&#8221; header_2_text_align=&#8221;center&#8221; header_2_text_color=&#8221;#014d31&#8243; header_2_font_size=&#8221;48px&#8221; header_2_line_height=&#8221;50.36px&#8221; custom_margin=&#8221;||0px||false|false&#8221; header_2_font_size_tablet=&#8221;48px&#8221; header_2_font_size_phone=&#8221;36px&#8221; header_2_font_size_last_edited=&#8221;on|phone&#8221; header_2_line_height_tablet=&#8221;50.36px&#8221; header_2_line_height_phone=&#8221;42px&#8221; header_2_line_height_last_edited=&#8221;on|phone&#8221; global_colors_info=&#8221;{}&#8221;]<\/p>\n<h2>R\u00e9server un appel de<\/h2>\n<p>[\/et_pb_text][et_pb_text _builder_version=&#8221;4.27.2&#8243; _module_preset=&#8221;default&#8221; header_3_font=&#8221;|600|||||||&#8221; header_3_text_align=&#8221;center&#8221; header_3_text_color=&#8221;#b3936c&#8221; header_3_font_size=&#8221;48px&#8221; header_3_line_height=&#8221;50.36px&#8221; positioning=&#8221;relative&#8221; header_3_font_size_tablet=&#8221;48px&#8221; header_3_font_size_phone=&#8221;36px&#8221; header_3_font_size_last_edited=&#8221;on|phone&#8221; header_3_line_height_tablet=&#8221;50.36px&#8221; header_3_line_height_phone=&#8221;42px&#8221; header_3_line_height_last_edited=&#8221;on|phone&#8221; custom_css_after=&#8221;content:%22%22;||width:303px;||height:23px;||position:absolute;||bottom:-15px;||left:50%;||transform:translateX(-50%);||background-image: url(%22data:image\/svg+xml,%3Csvg xmlns=&#8217;http:\/\/www.w3.org\/2000\/svg&#8217; width=&#8217;303&#8242; height=&#8217;24&#8217; viewBox=&#8217;0 0 303 24&#8242; fill=&#8217;none&#8217;%3E%3Cpath d=&#8217;M281.072 7.09961C274.683 6.60194 267.299 6.67138 259.955 6.63665C244.498 6.57879 229.021 6.94915 213.574 8.10652C204.556 8.77779 195.518 9.02084 186.49 9.54166C169.369 10.5254 152.259 11.6018 135.148 12.5855C126.12 13.1063 117.082 13.442 108.065 14.0207C92.6282 15.0044 77.1916 16.0692 61.7858 17.5854C47.6741 18.9858 33.5624 20.2704 19.4507 21.6361C14.2538 22.1454 9.06722 22.7819 3.87033 23.2796C2.47354 23.4069 0.25511 24.1013 0.0188885 22.1107C-0.237874 19.9001 2.18595 20.201 3.46977 20.0505C13.6684 18.87 23.8773 17.8863 34.0862 16.7983C46.1438 15.5021 58.1911 14.0785 70.259 12.8401C80.8376 11.7522 91.4265 10.7222 102.026 9.87729C118.387 8.58103 134.748 7.42367 151.119 6.27787C161.718 5.53716 172.338 4.9932 182.937 4.2872C197.357 3.31501 211.756 2.06506 226.186 1.28963C242.855 0.398453 259.534 0.00495151 276.214 1.50953C284.399 2.25024 292.534 3.32659 300.637 4.72701C300.914 4.7733 301.202 4.76172 301.469 4.83117C302.178 5.02792 303.112 5.12051 302.989 6.23159C302.886 7.15748 302.003 7.05332 301.376 7.06489C298.203 7.09961 295.029 7.08804 291.856 7.09961C288.59 7.09961 285.324 7.09961 281.092 7.09961H281.072Z&#8217; fill=&#8217;%23B3936C&#8217;\/%3E%3C\/svg%3E%22);||background-size:contain;||background-repeat:no-repeat;&#8221; global_colors_info=&#8221;{}&#8221;]<\/p>\n<h3>coaching avec moi<\/h3>\n<p>[\/et_pb_text][et_pb_text disabled_on=&#8221;on|on|on&#8221; _builder_version=&#8221;4.27.2&#8243; _module_preset=&#8221;default&#8221; text_font=&#8221;|600|||||||&#8221; text_text_color=&#8221;#014d31&#8243; text_font_size=&#8221;16px&#8221; text_line_height=&#8221;16.79px&#8221; text_orientation=&#8221;center&#8221; disabled=&#8221;on&#8221; global_colors_info=&#8221;{}&#8221;]<\/p>\n<p>Veuillez v\u00e9rifier votre fuseau horaire avant de r\u00e9server<\/p>\n<p>[\/et_pb_text][et_pb_text _builder_version=&#8221;4.27.4&#8243; _module_preset=&#8221;default&#8221; text_font=&#8221;|600|||||||&#8221; text_text_color=&#8221;#014d31&#8243; text_font_size=&#8221;20px&#8221; text_line_height=&#8221;25.6px&#8221; text_orientation=&#8221;center&#8221; global_colors_info=&#8221;{}&#8221;]<\/p>\n<p>en 45 min, je vais vous  aider \u00e0...<\/p>\n<p>[\/et_pb_text][\/et_pb_column][\/et_pb_row][et_pb_row column_structure=&#8221;1_3,1_3,1_3&#8243; _builder_version=&#8221;4.27.2&#8243; _module_preset=&#8221;default&#8221; width=&#8221;90%&#8221; width_tablet=&#8221;80%&#8221; width_phone=&#8221;80%&#8221; width_last_edited=&#8221;on|tablet&#8221; global_colors_info=&#8221;{}&#8221;][et_pb_column type=&#8221;1_3&#8243; _builder_version=&#8221;4.27.2&#8243; _module_preset=&#8221;default&#8221; custom_css_main_element=&#8221;display:flex;||gap: 25px;&#8221; global_colors_info=&#8221;{}&#8221;][et_pb_text _builder_version=&#8221;4.27.2&#8243; _module_preset=&#8221;default&#8221; header_4_font=&#8221;|700|||||||&#8221; header_4_text_color=&#8221;#b3936c&#8221; header_4_font_size=&#8221;36px&#8221; header_4_line_height=&#8221;36px&#8221; custom_css_main_element=&#8221;width:fit-content;&#8221; global_colors_info=&#8221;{}&#8221;]<\/p>\n<h4>01<\/h4>\n<p>[\/et_pb_text][et_pb_text _builder_version=&#8221;4.27.2&#8243; _module_preset=&#8221;default&#8221; text_text_color=&#8221;#014d31&#8243; text_font_size=&#8221;16px&#8221; text_line_height=&#8221;21.76px&#8221; custom_css_main_element=&#8221;width:fit-content;&#8221; global_colors_info=&#8221;{}&#8221;]<\/p>\n<p>Visualiser une vie o\u00f9 vous \u00eates en harmonie avec vous-m\u00eame, en confiance et ma\u00eetrisez votre temps, plus d'\u00e9nergie d'attention soutenue et un meilleur sommeil.<\/p>\n<p>[\/et_pb_text][\/et_pb_column][et_pb_column type=&#8221;1_3&#8243; _builder_version=&#8221;4.27.2&#8243; _module_preset=&#8221;default&#8221; custom_css_main_element=&#8221;display:flex;||gap: 25px;&#8221; global_colors_info=&#8221;{}&#8221;][et_pb_text _builder_version=&#8221;4.27.2&#8243; _module_preset=&#8221;default&#8221; header_4_font=&#8221;|700|||||||&#8221; header_4_text_color=&#8221;#b3936c&#8221; header_4_font_size=&#8221;36px&#8221; header_4_line_height=&#8221;36px&#8221; custom_css_main_element=&#8221;width:fit-content;&#8221; global_colors_info=&#8221;{}&#8221;]<\/p>\n<h4>02<\/h4>\n<p>[\/et_pb_text][et_pb_text _builder_version=&#8221;4.27.2&#8243; _module_preset=&#8221;default&#8221; text_text_color=&#8221;#014d31&#8243; text_font_size=&#8221;16px&#8221; text_line_height=&#8221;21.76px&#8221; custom_css_main_element=&#8221;width:fit-content;&#8221; global_colors_info=&#8221;{}&#8221;]<\/p>\n<p>D\u00e9couvrir ce qui vous emp\u00eache de fixer des limites, de vous d\u00e9tendre et de vous concentrer.<\/p>\n<p>[\/et_pb_text][\/et_pb_column][et_pb_column type=&#8221;1_3&#8243; _builder_version=&#8221;4.27.2&#8243; _module_preset=&#8221;default&#8221; custom_css_main_element=&#8221;display:flex;||gap: 25px;&#8221; global_colors_info=&#8221;{}&#8221;][et_pb_text _builder_version=&#8221;4.27.2&#8243; _module_preset=&#8221;default&#8221; header_4_font=&#8221;|700|||||||&#8221; header_4_text_color=&#8221;#b3936c&#8221; header_4_font_size=&#8221;36px&#8221; header_4_line_height=&#8221;36px&#8221; custom_css_main_element=&#8221;width:fit-content;&#8221; global_colors_info=&#8221;{}&#8221;]<\/p>\n<h4>03<\/h4>\n<p>[\/et_pb_text][et_pb_text _builder_version=&#8221;4.27.2&#8243; _module_preset=&#8221;default&#8221; text_text_color=&#8221;#014d31&#8243; text_font_size=&#8221;16px&#8221; text_line_height=&#8221;21.76px&#8221; custom_css_main_element=&#8221;width:fit-content;&#8221; global_colors_info=&#8221;{}&#8221;]<\/p>\n<p>Quittez l\u2019appel en vous sentant renouvel\u00e9e, inspir\u00e9e et pr\u00eate \u00e0 mettre votre bien-\u00eatre au premier plan<\/p>\n<p>[\/et_pb_text][\/et_pb_column][\/et_pb_row][\/et_pb_section][et_pb_section fb_built=&#8221;1&#8243; _builder_version=&#8221;4.27.2&#8243; _module_preset=&#8221;default&#8221; background_color=&#8221;#648678&#8243; global_colors_info=&#8221;{}&#8221;][et_pb_row _builder_version=&#8221;4.27.2&#8243; _module_preset=&#8221;default&#8221; global_colors_info=&#8221;{}&#8221;][et_pb_column type=&#8221;4_4&#8243; _builder_version=&#8221;4.27.2&#8243; _module_preset=&#8221;default&#8221; global_colors_info=&#8221;{}&#8221;][et_pb_text _builder_version=&#8221;4.27.4&#8243; _module_preset=&#8221;default&#8221; header_2_font=&#8221;|700|||||||&#8221; header_2_text_align=&#8221;center&#8221; header_2_text_color=&#8221;#FFFFFF&#8221; header_2_font_size=&#8221;22px&#8221; header_2_line_height=&#8221;26px&#8221; width=&#8221;100%&#8221; max_width=&#8221;380px&#8221; module_alignment=&#8221;center&#8221; custom_margin=&#8221;||15px||false|false&#8221; global_colors_info=&#8221;{}&#8221;]<\/p>\n<h2>Veuillez v\u00e9rifier votre fuseau horaire avant de r\u00e9server<\/h2>\n<p>[\/et_pb_text][et_pb_code _builder_version=&#8221;4.27.2&#8243; _module_preset=&#8221;default&#8221; global_colors_info=&#8221;{}&#8221;]<!-- Cal inline embed code begins --><!-- [et_pb_line_break_holder] --><\/p>\n<div style=\"width:100%;height:100%;overflow:scroll\" id=\"my-cal-inline\"><\/div>\n<p><!-- [et_pb_line_break_holder] --><script type=\"text\/javascript\"><!-- [et_pb_line_break_holder] -->  (function (C, A, L) { let p = function (a, ar) { a.q.push(ar); }; let d = C.document; C.Cal = C.Cal || function () { let cal = C.Cal; let ar = arguments; if (!cal.loaded) { cal.ns = {}; cal.q = cal.q || []; d.head.appendChild(d.createElement(\"script\")).src = A; cal.loaded = true; } if (ar[0] === L) { const api = function () { p(api, arguments); }; const namespace = ar[1]; api.q = api.q || []; if(typeof namespace === \"string\"){cal.ns[namespace] = cal.ns[namespace] || api;p(cal.ns[namespace], ar);p(cal, [\"initNamespace\", namespace]);} else p(cal, ar); return;} p(cal, ar); }; })(window, \"https:\/\/app.cal.com\/embed\/embed.js\", \"init\");<!-- [et_pb_line_break_holder] -->Cal(\"init\", \"laser\", {origin:\"https:\/\/cal.com\"});<!-- [et_pb_line_break_holder] --><!-- [et_pb_line_break_holder] -->  Cal.ns.laser(\"inline\", {<!-- [et_pb_line_break_holder] -->    elementOrSelector:\"#my-cal-inline\",<!-- [et_pb_line_break_holder] -->    config: {\"layout\":\"month_view\"},<!-- [et_pb_line_break_holder] -->    calLink: \"luciemontpetit\/laser\",<!-- [et_pb_line_break_holder] -->  });<!-- [et_pb_line_break_holder] --><!-- [et_pb_line_break_holder] -->  Cal.ns.laser(\"ui\", {\"styles\":{\"branding\":{\"brandColor\":\"#000000\"}},\"hideEventTypeDetails\":false,\"layout\":\"month_view\"});<!-- [et_pb_line_break_holder] -->  <\/script><!-- [et_pb_line_break_holder] -->  <!-- Cal inline embed code ends -->[\/et_pb_code][\/et_pb_column][\/et_pb_row][\/et_pb_section][et_pb_section fb_built=&#8221;1&#8243; _builder_version=&#8221;4.27.2&#8243; _module_preset=&#8221;default&#8221; background_color=&#8221;#efeae6&#8243; global_module=&#8221;73&#8243; saved_tabs=&#8221;all&#8221; global_colors_info=&#8221;{}&#8221;][et_pb_row column_structure=&#8221;1_5,1_5,1_5,1_5,1_5&#8243; _builder_version=&#8221;4.27.2&#8243; _module_preset=&#8221;default&#8221; global_colors_info=&#8221;{}&#8221;][et_pb_column type=&#8221;1_5&#8243; _builder_version=&#8221;4.27.2&#8243; _module_preset=&#8221;default&#8221; global_colors_info=&#8221;{}&#8221;][et_pb_image src=&#8221;https:\/\/luciemontpetit.com\/wp-content\/uploads\/2024\/10\/image-6.svg&#8221; alt=&#8221;Lucie mont petit&#8221; title_text=&#8221;image (6)&#8221; align_tablet=&#8221;&#8221; align_phone=&#8221;center&#8221; align_last_edited=&#8221;on|phone&#8221; _builder_version=&#8221;4.27.2&#8243; _module_preset=&#8221;default&#8221; global_colors_info=&#8221;{}&#8221;][\/et_pb_image][\/et_pb_column][et_pb_column type=&#8221;1_5&#8243; _builder_version=&#8221;4.27.2&#8243; _module_preset=&#8221;default&#8221; global_colors_info=&#8221;{}&#8221;][et_pb_text _builder_version=&#8221;4.27.2&#8243; _module_preset=&#8221;default&#8221; text_line_height=&#8221;23px&#8221; header_3_font=&#8221;|600|||||||&#8221; header_3_font_size=&#8221;16px&#8221; header_3_line_height=&#8221;23px&#8221; header_3_text_align_tablet=&#8221;&#8221; header_3_text_align_phone=&#8221;center&#8221; header_3_text_align_last_edited=&#8221;on|phone&#8221; text_orientation_tablet=&#8221;&#8221; text_orientation_phone=&#8221;center&#8221; text_orientation_last_edited=&#8221;on|phone&#8221; global_colors_info=&#8221;{}&#8221;]<\/p>\n<h3>SPECIALIT\u00c9S<\/h3>\n<p>Coaching Bien-\u00catre<br \/>Soins en Biofield Tuning<br \/>\u00c9volution mentalit\u00e9 et physique<\/p>\n<p>[\/et_pb_text][\/et_pb_column][et_pb_column type=&#8221;1_5&#8243; _builder_version=&#8221;4.27.2&#8243; _module_preset=&#8221;default&#8221; global_colors_info=&#8221;{}&#8221;][et_pb_text _builder_version=&#8221;4.27.4&#8243; _module_preset=&#8221;default&#8221; text_line_height=&#8221;23px&#8221; header_3_font=&#8221;|600|||||||&#8221; header_3_font_size=&#8221;16px&#8221; header_3_line_height=&#8221;23px&#8221; header_3_text_align_tablet=&#8221;&#8221; header_3_text_align_phone=&#8221;center&#8221; header_3_text_align_last_edited=&#8221;on|phone&#8221; text_orientation_tablet=&#8221;&#8221; text_orientation_phone=&#8221;center&#8221; text_orientation_last_edited=&#8221;on|phone&#8221; global_colors_info=&#8221;{}&#8221;]<\/p>\n<h3>CONTACT<\/h3>\n<p>C: +1 (<span style=\"font-weight: 400;\">514) 266 &#8211; 5360<\/span><\/p>\n<p>[\/et_pb_text][\/et_pb_column][et_pb_column type=&#8221;1_5&#8243; _builder_version=&#8221;4.27.2&#8243; _module_preset=&#8221;default&#8221; global_colors_info=&#8221;{}&#8221;][et_pb_text _builder_version=&#8221;4.27.4&#8243; _module_preset=&#8221;default&#8221; text_line_height=&#8221;23px&#8221; link_font=&#8221;||||||||&#8221; link_text_color=&#8221;#014d31&#8243; header_3_font=&#8221;|600|||||||&#8221; header_3_font_size=&#8221;16px&#8221; header_3_line_height=&#8221;23px&#8221; header_3_text_align_tablet=&#8221;&#8221; header_3_text_align_phone=&#8221;center&#8221; header_3_text_align_last_edited=&#8221;on|phone&#8221; text_orientation_tablet=&#8221;&#8221; text_orientation_phone=&#8221;center&#8221; text_orientation_last_edited=&#8221;on|phone&#8221; global_colors_info=&#8221;{}&#8221;]<\/p>\n<h3><span>AFFILIATION<\/span><\/h3>\n<p><a href=\"https:\/\/www.somabreath.com\/#a_aid=Louloum\">SOMA Breath<\/a><\/p>\n<p>[\/et_pb_text][\/et_pb_column][et_pb_column type=&#8221;1_5&#8243; _builder_version=&#8221;4.27.2&#8243; _module_preset=&#8221;default&#8221; global_colors_info=&#8221;{}&#8221;][et_pb_social_media_follow use_icon_font_size=&#8221;on&#8221; icon_font_size=&#8221;24px&#8221; _builder_version=&#8221;4.27.2&#8243; _module_preset=&#8221;default&#8221; text_orientation=&#8221;center&#8221; custom_margin=&#8221;||10px||false|false&#8221; border_radii=&#8221;on|100px|100px|100px|100px&#8221; border_width_all=&#8221;1px&#8221; border_color_all=&#8221;#014d31&#8243; global_colors_info=&#8221;{}&#8221;][et_pb_social_media_follow_network social_network=&#8221;linkedin&#8221; url=&#8221;https:\/\/www.linkedin.com\/in\/luciemontpetit\/&#8221; _builder_version=&#8221;4.27.2&#8243; _module_preset=&#8221;default&#8221; background_color=&#8221;#014d31&#8243; background_enable_color=&#8221;on&#8221; global_colors_info=&#8221;{}&#8221; follow_button=&#8221;off&#8221; url_new_window=&#8221;on&#8221;]linkedin[\/et_pb_social_media_follow_network][et_pb_social_media_follow_network social_network=&#8221;facebook&#8221; url=&#8221;https:\/\/www.facebook.com\/lucie.montpetit.794&#8243; icon_color=&#8221;#014d31&#8243; _builder_version=&#8221;4.27.2&#8243; _module_preset=&#8221;default&#8221; background_enable_color=&#8221;off&#8221; global_colors_info=&#8221;{}&#8221; follow_button=&#8221;off&#8221; url_new_window=&#8221;on&#8221;]facebook[\/et_pb_social_media_follow_network][\/et_pb_social_media_follow][et_pb_text _builder_version=&#8221;4.27.2&#8243; _module_preset=&#8221;default&#8221; link_font=&#8221;||||||||&#8221; link_text_color=&#8221;#014d31&#8243; text_orientation=&#8221;center&#8221; global_colors_info=&#8221;{}&#8221;]<\/p>\n<p><a href=\"\/fr\/privacy-policy\/\">Politique de vie priv\u00e9e<\/a><br \/><a href=\"\/fr\/terms-and-conditions\/\">Termes et conditions<\/a><\/p>\n<p>[\/et_pb_text][\/et_pb_column][\/et_pb_row][\/et_pb_section]<\/p>","protected":false},"excerpt":{"rendered":"<p>Book a coachingcall with meMake sure to check your time zone before booking!In 45 mins, I will help you&#8230;01Visualize a life where you&#8217;re in harmony with yourself, with confidence, in control of your schedule, with great energy, sleep and focus.02Discover what prevents you from setting limits, relaxing and concentrating.03Leave the call feeling renewed, inspired and [&hellip;]<\/p>","protected":false},"author":2,"featured_media":0,"parent":0,"menu_order":0,"comment_status":"closed","ping_status":"closed","template":"","meta":{"_et_pb_use_builder":"on","_et_pb_old_content":"","_et_gb_content_width":"","inline_featured_image":false,"footnotes":""},"class_list":["post-222","page","type-page","status-publish","hentry"],"aioseo_notices":[],"_links":{"self":[{"href":"https:\/\/luciemontpetit.com\/fr\/wp-json\/wp\/v2\/pages\/222","targetHints":{"allow":["GET"]}}],"collection":[{"href":"https:\/\/luciemontpetit.com\/fr\/wp-json\/wp\/v2\/pages"}],"about":[{"href":"https:\/\/luciemontpetit.com\/fr\/wp-json\/wp\/v2\/types\/page"}],"author":[{"embeddable":true,"href":"https:\/\/luciemontpetit.com\/fr\/wp-json\/wp\/v2\/users\/2"}],"replies":[{"embeddable":true,"href":"https:\/\/luciemontpetit.com\/fr\/wp-json\/wp\/v2\/comments?post=222"}],"version-history":[{"count":5,"href":"https:\/\/luciemontpetit.com\/fr\/wp-json\/wp\/v2\/pages\/222\/revisions"}],"predecessor-version":[{"id":671,"href":"https:\/\/luciemontpetit.com\/fr\/wp-json\/wp\/v2\/pages\/222\/revisions\/671"}],"wp:attachment":[{"href":"https:\/\/luciemontpetit.com\/fr\/wp-json\/wp\/v2\/media?parent=222"}],"curies":[{"name":"wp","href":"https:\/\/api.w.org\/{rel}","templated":true}]}}