{"id":105,"date":"2024-10-24T17:37:06","date_gmt":"2024-10-24T17:37:06","guid":{"rendered":"https:\/\/luciemontpetit.com\/?page_id=105"},"modified":"2025-03-10T17:11:31","modified_gmt":"2025-03-10T17:11:31","slug":"contact-me","status":"publish","type":"page","link":"https:\/\/luciemontpetit.com\/fr\/contact-me\/","title":{"rendered":"Contact Lucie Montpetit: Your Wellness &#038; Life Coach"},"content":{"rendered":"<p>[et_pb_section fb_built=&#8221;1&#8243; custom_padding_last_edited=&#8221;on|tablet&#8221; _builder_version=&#8221;4.27.4&#8243; _module_preset=&#8221;default&#8221; background_color=&#8221;#efeae6&#8243; custom_padding=&#8221;2vw||2vw||false|false&#8221; custom_padding_tablet=&#8221;8vw||||false|false&#8221; custom_padding_phone=&#8221;14vw||2vw||false|false&#8221; custom_css_main_element=&#8221;padding-top:210px !important;&#8221; global_colors_info=&#8221;{}&#8221;][et_pb_row column_structure=&#8221;1_2,1_2&#8243; make_equal=&#8221;on&#8221; _builder_version=&#8221;4.27.2&#8243; _module_preset=&#8221;default&#8221; global_colors_info=&#8221;{}&#8221;][et_pb_column type=&#8221;1_2&#8243; _builder_version=&#8221;4.27.2&#8243; _module_preset=&#8221;default&#8221; custom_css_main_element=&#8221;display:flex;||flex-direction:column;||justify-content:center;&#8221; global_colors_info=&#8221;{}&#8221;][et_pb_text _builder_version=&#8221;4.27.4&#8243; _module_preset=&#8221;default&#8221; text_font=&#8221;|600|||||||&#8221; text_text_color=&#8221;#b3936c&#8221; text_font_size=&#8221;16px&#8221; text_line_height=&#8221;16.79px&#8221; header_font=&#8221;|600|||||||&#8221; header_font_size=&#8221;55px&#8221; header_line_height=&#8221;67.15px&#8221; custom_margin=&#8221;-45px||0px||false|false&#8221; header_font_size_tablet=&#8221;64px&#8221; header_font_size_phone=&#8221;48px&#8221; header_font_size_last_edited=&#8221;on|phone&#8221; header_line_height_tablet=&#8221;67.15px&#8221; header_line_height_phone=&#8221;48px&#8221; header_line_height_last_edited=&#8221;on|phone&#8221; global_colors_info=&#8221;{}&#8221;]<\/p>\n<p>CONTACTEZ-MOI<\/p>\n<h1>Augmentez votre productivit\u00e9<\/h1>\n<p>[\/et_pb_text][et_pb_text _builder_version=&#8221;4.27.4&#8243; _module_preset=&#8221;default&#8221; header_3_font=&#8221;Darcey Oliver||||||||&#8221; header_3_text_color=&#8221;#db948f&#8221; header_3_font_size=&#8221;110px&#8221; header_3_line_height=&#8221;50%&#8221; custom_padding_tablet=&#8221;||40px||false|false&#8221; custom_padding_phone=&#8221;||20px||false|false&#8221; custom_padding_last_edited=&#8221;on|tablet&#8221; header_3_font_size_tablet=&#8221;120px&#8221; header_3_font_size_phone=&#8221;70px&#8221; header_3_font_size_last_edited=&#8221;on|phone&#8221; global_colors_info=&#8221;{}&#8221;]<\/p>\n<h3>Surmontez l '\u00e9puisement<\/h3>\n<p>[\/et_pb_text][\/et_pb_column][et_pb_column type=&#8221;1_2&#8243; _builder_version=&#8221;4.27.2&#8243; _module_preset=&#8221;default&#8221; global_colors_info=&#8221;{}&#8221;][et_pb_image src=&#8221;https:\/\/luciemontpetit.com\/wp-content\/uploads\/2024\/10\/image-44.webp&#8221; alt=&#8221;Ovale&#8221; title_text=&#8221;image (44)&#8221; align=&#8221;center&#8221; module_class=&#8221;ovale&#8221; _builder_version=&#8221;4.27.2&#8243; _module_preset=&#8221;default&#8221; width=&#8221;100%&#8221; max_width=&#8221;468px&#8221; custom_css_free_form=&#8221;.ovale{||\tanimation: rotate 18s infinite linear;||}||@keyframes rotate{||\t0% { transform: rotate(0deg) }||  50% { transform: rotate(180deg) }||  100% { transform: rotate(360deg) }||} &#8221; global_colors_info=&#8221;{}&#8221;][\/et_pb_image][et_pb_image src=&#8221;https:\/\/luciemontpetit.com\/wp-content\/uploads\/2024\/10\/image-55.webp&#8221; alt=&#8221;Woman watching a laptop&#8221; title_text=&#8221;image (55)&#8221; _builder_version=&#8221;4.27.2&#8243; _module_preset=&#8221;default&#8221; positioning=&#8221;absolute&#8221; vertical_offset=&#8221;7px&#8221; horizontal_offset=&#8221;68px&#8221; horizontal_offset_tablet=&#8221;&#8221; horizontal_offset_phone=&#8221;12px&#8221; horizontal_offset_last_edited=&#8221;on|phone&#8221; width=&#8221;100%&#8221; max_width=&#8221;448px&#8221; global_colors_info=&#8221;{}&#8221;][\/et_pb_image][\/et_pb_column][\/et_pb_row][\/et_pb_section][et_pb_section fb_built=&#8221;1&#8243; _builder_version=&#8221;4.27.2&#8243; _module_preset=&#8221;default&#8221; background_color=&#8221;#efeae6&#8243; custom_padding=&#8221;0px||0px||false|false&#8221; global_colors_info=&#8221;{}&#8221;][et_pb_row _builder_version=&#8221;4.27.2&#8243; _module_preset=&#8221;default&#8221; custom_padding=&#8221;0px||||false|false&#8221; global_colors_info=&#8221;{}&#8221;][et_pb_column type=&#8221;4_4&#8243; _builder_version=&#8221;4.27.2&#8243; _module_preset=&#8221;default&#8221; global_colors_info=&#8221;{}&#8221;][et_pb_text _builder_version=&#8221;4.27.2&#8243; _module_preset=&#8221;default&#8221; width=&#8221;100%&#8221; max_width=&#8221;728px&#8221; global_colors_info=&#8221;{}&#8221;]<div class=\"forminator-ui forminator-custom-form forminator-custom-form-110 forminator-design--default  forminator_ajax\" data-forminator-render=\"0\" data-form=\"forminator-module-110\" data-uid=\"69f760165277d\"><br\/><\/div><form\n\t\t\t\tid=\"forminator-module-110\"\n\t\t\t\tclass=\"forminator-ui forminator-custom-form forminator-custom-form-110 forminator-design--default  forminator_ajax\"\n\t\t\t\tmethod=\"post\"\n\t\t\t\tdata-forminator-render=\"0\"\n\t\t\t\tdata-form-id=\"110\"\n\t\t\t\t\n\t\t\t\tdata-design=\"default\"\n\t\t\t\t\n\t\t\t\t\n\t\t\t\t\n\t\t\t\tdata-grid=\"open\"\n\t\t\t\t\n\t\t\t\t\n\t\t\t\tstyle=\"display: none;\"\n\t\t\t\t\n\t\t\t\tdata-uid=\"69f760165277d\" action=\"\"\n\t\t\t><div role=\"alert\" aria-live=\"polite\" class=\"forminator-response-message forminator-error\" aria-hidden=\"true\"><\/div><div class=\"forminator-row\"><div id=\"name-1\" class=\"forminator-field-name forminator-col forminator-col-12\"><div class=\"forminator-field\"><label for=\"forminator-field-name-1_69f760165277d\" id=\"forminator-field-name-1_69f760165277d-label\" class=\"forminator-label\">Votre nom <span class=\"forminator-required\">*<\/span><\/label><input type=\"text\" name=\"name-1\" value=\"\" placeholder=\"\" id=\"forminator-field-name-1_69f760165277d\" class=\"forminator-input forminator-name--field\" aria-required=\"true\" \/><\/div><\/div><\/div><div class=\"forminator-row\"><div id=\"email-1\" class=\"forminator-field-email forminator-col forminator-col-12\"><div class=\"forminator-field\"><label for=\"forminator-field-email-1_69f760165277d\" id=\"forminator-field-email-1_69f760165277d-label\" class=\"forminator-label\">Adresse \u00e9lectronique <span class=\"forminator-required\">*<\/span><\/label><input type=\"email\" name=\"email-1\" value=\"\" placeholder=\"\" id=\"forminator-field-email-1_69f760165277d\" class=\"forminator-input forminator-email--field\" data-required=\"true\" aria-required=\"true\" \/><\/div><\/div><\/div><div class=\"forminator-row\"><div id=\"select-1\" class=\"forminator-field-select forminator-col forminator-col-12\"><div class=\"forminator-field\"><label for=\"forminator-form-110__field--select-1_69f760165277d\" id=\"forminator-form-110__field--select-1_69f760165277d-label\" class=\"forminator-label\">Je suis int\u00e9ress\u00e9 par <span class=\"forminator-required\">*<\/span><\/label><select  id=\"forminator-form-110__field--select-1_69f760165277d\" class=\"forminator-select--field forminator-select2 forminator-select2-multiple\" data-required=\"1\" name=\"select-1\" data-default-value=\"\" data-hidden-behavior=\"zero\" data-placeholder=\"Please choose an option\" data-search=\"false\" data-search-placeholder=\"Please choose an option\" data-checkbox=\"false\" data-allow-clear=\"false\" aria-labelledby=\"forminator-form-110__field--select-1_69f760165277d-label\"><option value=\"\"  >Veuillez choisir une option<\/option><option value=\"one\"  data-calculation=\"0\">Programme de coaching 1 on 1<\/option><option value=\"two\"  data-calculation=\"0\">Programme de coaching en groupe<\/option><option value=\"Wellness-Sessions\"  data-calculation=\"0\">Cours de QI GONG<\/option><option value=\"Biofield-Tuning-Classes\"  data-calculation=\"0\">Cours de Biofield Tuning<\/option><option value=\"General-Inquiries\"  data-calculation=\"0\">Demande g\u00e9n\u00e9rale<\/option><\/select><\/div><\/div><\/div><div class=\"forminator-row\"><div id=\"textarea-1\" class=\"forminator-field-textarea forminator-col forminator-col-12\"><div class=\"forminator-field\"><label for=\"forminator-field-textarea-1_69f760165277d\" id=\"forminator-field-textarea-1_69f760165277d-label\" class=\"forminator-label\">Votre message<\/label><textarea name=\"textarea-1\" placeholder=\"\" id=\"forminator-field-textarea-1_69f760165277d\" class=\"forminator-textarea\" rows=\"6\" style=\"min-height:140px;\" ><\/textarea><\/div><\/div><\/div><div class=\"forminator-row\"><div id=\"checkbox-1\" class=\"forminator-field-checkbox forminator-col forminator-col-12\"><div role=\"group\" class=\"forminator-field\" aria-labelledby=\"forminator-checkbox-group-69f760165277d-label\"><label id=\"forminator-field-checkbox-1-1-69f760165277d-label\" for=\"forminator-field-checkbox-1-1-69f760165277d\" class=\"forminator-checkbox forminator-checkbox-inline\" title=\"Je consens \u00e0 recevoir des informations, des mises \u00e0 jour et des promotions de la part de Lucie Montpetit par courriel. Je comprends que je peux me d\u00e9sabonner \u00e0 tout moment.\"><input type=\"checkbox\" name=\"checkbox-1[]\" value=\"one\" id=\"forminator-field-checkbox-1-1-69f760165277d\" aria-labelledby=\"forminator-field-checkbox-1-1-69f760165277d-label\" data-calculation=\"0\"   data-hidden-behavior=\"zero\"\/><span class=\"forminator-checkbox-box\" aria-hidden=\"true\"><\/span><span class=\"forminator-checkbox-label\">Je consens \u00e0 recevoir des informations, des mises \u00e0 jour et des promotions de la part de Lucie Montpetit par courriel. Je comprends que je peux me d\u00e9sabonner \u00e0 tout moment.<\/span><\/label><\/div><\/div><\/div><input type=\"hidden\" name=\"referer_url\" value=\"\" \/><div class=\"forminator-row forminator-row-last\"><div class=\"forminator-col\"><div class=\"forminator-field\"><button class=\"forminator-button forminator-button-submit\">Envoyer le message<\/button><\/div><\/div><\/div><input type=\"hidden\" id=\"forminator_nonce\" name=\"forminator_nonce\" value=\"686645c249\" \/><input type=\"hidden\" name=\"_wp_http_referer\" value=\"\/fr\/wp-json\/wp\/v2\/pages\/105\" \/><input type=\"hidden\" name=\"form_id\" value=\"110\"><input type=\"hidden\" name=\"page_id\" value=\"105\"><input type=\"hidden\" name=\"form_type\" value=\"default\"><input type=\"hidden\" name=\"current_url\" value=\"https:\/\/luciemontpetit.com\/fr\/contact-me\/\"><input type=\"hidden\" name=\"render_id\" value=\"0\"><input type=\"hidden\" name=\"action\" value=\"forminator_submit_form_custom-forms\"><input type=\"hidden\" name=\"trp-form-language\" value=\"fr\"\/><\/form>[\/et_pb_text][\/et_pb_column][\/et_pb_row][\/et_pb_section][et_pb_section fb_built=&#8221;1&#8243; _builder_version=&#8221;4.27.2&#8243; _module_preset=&#8221;default&#8221; background_color=&#8221;#efeae6&#8243; global_module=&#8221;73&#8243; saved_tabs=&#8221;all&#8221; global_colors_info=&#8221;{}&#8221;][et_pb_row column_structure=&#8221;1_5,1_5,1_5,1_5,1_5&#8243; _builder_version=&#8221;4.27.2&#8243; _module_preset=&#8221;default&#8221; global_colors_info=&#8221;{}&#8221;][et_pb_column type=&#8221;1_5&#8243; _builder_version=&#8221;4.27.2&#8243; _module_preset=&#8221;default&#8221; global_colors_info=&#8221;{}&#8221;][et_pb_image src=&#8221;https:\/\/luciemontpetit.com\/wp-content\/uploads\/2024\/10\/image-6.svg&#8221; alt=&#8221;Lucie mont petit&#8221; title_text=&#8221;image (6)&#8221; align_tablet=&#8221;&#8221; align_phone=&#8221;center&#8221; align_last_edited=&#8221;on|phone&#8221; _builder_version=&#8221;4.27.2&#8243; _module_preset=&#8221;default&#8221; global_colors_info=&#8221;{}&#8221;][\/et_pb_image][\/et_pb_column][et_pb_column type=&#8221;1_5&#8243; _builder_version=&#8221;4.27.2&#8243; _module_preset=&#8221;default&#8221; global_colors_info=&#8221;{}&#8221;][et_pb_text _builder_version=&#8221;4.27.2&#8243; _module_preset=&#8221;default&#8221; text_line_height=&#8221;23px&#8221; header_3_font=&#8221;|600|||||||&#8221; header_3_font_size=&#8221;16px&#8221; header_3_line_height=&#8221;23px&#8221; header_3_text_align_tablet=&#8221;&#8221; header_3_text_align_phone=&#8221;center&#8221; header_3_text_align_last_edited=&#8221;on|phone&#8221; text_orientation_tablet=&#8221;&#8221; text_orientation_phone=&#8221;center&#8221; text_orientation_last_edited=&#8221;on|phone&#8221; global_colors_info=&#8221;{}&#8221;]<\/p>\n<h3>SPECIALIT\u00c9S<\/h3>\n<p>Coaching Bien-\u00catre<br \/>Soins en Biofield Tuning<br \/>\u00c9volution mentalit\u00e9 et physique<\/p>\n<p>[\/et_pb_text][\/et_pb_column][et_pb_column type=&#8221;1_5&#8243; _builder_version=&#8221;4.27.2&#8243; _module_preset=&#8221;default&#8221; global_colors_info=&#8221;{}&#8221;][et_pb_text _builder_version=&#8221;4.27.4&#8243; _module_preset=&#8221;default&#8221; text_line_height=&#8221;23px&#8221; header_3_font=&#8221;|600|||||||&#8221; header_3_font_size=&#8221;16px&#8221; header_3_line_height=&#8221;23px&#8221; header_3_text_align_tablet=&#8221;&#8221; header_3_text_align_phone=&#8221;center&#8221; header_3_text_align_last_edited=&#8221;on|phone&#8221; text_orientation_tablet=&#8221;&#8221; text_orientation_phone=&#8221;center&#8221; text_orientation_last_edited=&#8221;on|phone&#8221; global_colors_info=&#8221;{}&#8221;]<\/p>\n<h3>CONTACT<\/h3>\n<p>C: +1 (<span style=\"font-weight: 400;\">514) 266 &#8211; 5360<\/span><\/p>\n<p>[\/et_pb_text][\/et_pb_column][et_pb_column type=&#8221;1_5&#8243; _builder_version=&#8221;4.27.2&#8243; _module_preset=&#8221;default&#8221; global_colors_info=&#8221;{}&#8221;][et_pb_text _builder_version=&#8221;4.27.4&#8243; _module_preset=&#8221;default&#8221; text_line_height=&#8221;23px&#8221; link_font=&#8221;||||||||&#8221; link_text_color=&#8221;#014d31&#8243; header_3_font=&#8221;|600|||||||&#8221; header_3_font_size=&#8221;16px&#8221; header_3_line_height=&#8221;23px&#8221; header_3_text_align_tablet=&#8221;&#8221; header_3_text_align_phone=&#8221;center&#8221; header_3_text_align_last_edited=&#8221;on|phone&#8221; text_orientation_tablet=&#8221;&#8221; text_orientation_phone=&#8221;center&#8221; text_orientation_last_edited=&#8221;on|phone&#8221; global_colors_info=&#8221;{}&#8221;]<\/p>\n<h3><span>AFFILIATION<\/span><\/h3>\n<p><a href=\"https:\/\/www.somabreath.com\/#a_aid=Louloum\">SOMA Breath<\/a><\/p>\n<p>[\/et_pb_text][\/et_pb_column][et_pb_column type=&#8221;1_5&#8243; _builder_version=&#8221;4.27.2&#8243; _module_preset=&#8221;default&#8221; global_colors_info=&#8221;{}&#8221;][et_pb_social_media_follow use_icon_font_size=&#8221;on&#8221; icon_font_size=&#8221;24px&#8221; _builder_version=&#8221;4.27.2&#8243; _module_preset=&#8221;default&#8221; text_orientation=&#8221;center&#8221; custom_margin=&#8221;||10px||false|false&#8221; border_radii=&#8221;on|100px|100px|100px|100px&#8221; border_width_all=&#8221;1px&#8221; border_color_all=&#8221;#014d31&#8243; global_colors_info=&#8221;{}&#8221;][et_pb_social_media_follow_network social_network=&#8221;linkedin&#8221; url=&#8221;https:\/\/www.linkedin.com\/in\/luciemontpetit\/&#8221; _builder_version=&#8221;4.27.2&#8243; _module_preset=&#8221;default&#8221; background_color=&#8221;#014d31&#8243; background_enable_color=&#8221;on&#8221; global_colors_info=&#8221;{}&#8221; follow_button=&#8221;off&#8221; url_new_window=&#8221;on&#8221;]linkedin[\/et_pb_social_media_follow_network][et_pb_social_media_follow_network social_network=&#8221;facebook&#8221; url=&#8221;https:\/\/www.facebook.com\/lucie.montpetit.794&#8243; icon_color=&#8221;#014d31&#8243; _builder_version=&#8221;4.27.2&#8243; _module_preset=&#8221;default&#8221; background_enable_color=&#8221;off&#8221; global_colors_info=&#8221;{}&#8221; follow_button=&#8221;off&#8221; url_new_window=&#8221;on&#8221;]facebook[\/et_pb_social_media_follow_network][\/et_pb_social_media_follow][et_pb_text _builder_version=&#8221;4.27.2&#8243; _module_preset=&#8221;default&#8221; link_font=&#8221;||||||||&#8221; link_text_color=&#8221;#014d31&#8243; text_orientation=&#8221;center&#8221; global_colors_info=&#8221;{}&#8221;]<\/p>\n<p><a href=\"\/fr\/privacy-policy\/\">Politique de vie priv\u00e9e<\/a><br \/><a href=\"\/fr\/terms-and-conditions\/\">Termes et conditions<\/a><\/p>\n<p>[\/et_pb_text][\/et_pb_column][\/et_pb_row][\/et_pb_section]<\/p>","protected":false},"excerpt":{"rendered":"<p>CONTACT ME Boost Your Productivity &amp;Overcome Fatigue<div class=\"forminator-ui forminator-custom-form forminator-custom-form-110 forminator-design--default  forminator_ajax\" data-forminator-render=\"1\" data-form=\"forminator-module-110\" data-uid=\"69f76016732fa\"><br\/><\/div><form\n\t\t\t\tid=\"forminator-module-110\"\n\t\t\t\tclass=\"forminator-ui forminator-custom-form forminator-custom-form-110 forminator-design--default  forminator_ajax\"\n\t\t\t\tmethod=\"post\"\n\t\t\t\tdata-forminator-render=\"1\"\n\t\t\t\tdata-form-id=\"110\"\n\t\t\t\t\n\t\t\t\tdata-design=\"default\"\n\t\t\t\t\n\t\t\t\t\n\t\t\t\t\n\t\t\t\tdata-grid=\"open\"\n\t\t\t\t\n\t\t\t\t\n\t\t\t\tstyle=\"display: none;\"\n\t\t\t\t\n\t\t\t\tdata-uid=\"69f76016732fa\" action=\"\"\n\t\t\t><div role=\"alert\" aria-live=\"polite\" class=\"forminator-response-message forminator-error\" aria-hidden=\"true\"><\/div><div class=\"forminator-row\"><div id=\"name-1\" class=\"forminator-field-name forminator-col forminator-col-12\"><div class=\"forminator-field\"><label for=\"forminator-field-name-1_69f76016732fa\" id=\"forminator-field-name-1_69f76016732fa-label\" class=\"forminator-label\">Votre nom <span class=\"forminator-required\">*<\/span><\/label><input type=\"text\" name=\"name-1\" value=\"\" placeholder=\"\" id=\"forminator-field-name-1_69f76016732fa\" class=\"forminator-input forminator-name--field\" aria-required=\"true\" \/><\/div><\/div><\/div><div class=\"forminator-row\"><div id=\"email-1\" class=\"forminator-field-email forminator-col forminator-col-12\"><div class=\"forminator-field\"><label for=\"forminator-field-email-1_69f76016732fa\" id=\"forminator-field-email-1_69f76016732fa-label\" class=\"forminator-label\">Adresse \u00e9lectronique <span class=\"forminator-required\">*<\/span><\/label><input type=\"email\" name=\"email-1\" value=\"\" placeholder=\"\" id=\"forminator-field-email-1_69f76016732fa\" class=\"forminator-input forminator-email--field\" data-required=\"true\" aria-required=\"true\" \/><\/div><\/div><\/div><div class=\"forminator-row\"><div id=\"select-1\" class=\"forminator-field-select forminator-col forminator-col-12\"><div class=\"forminator-field\"><label for=\"forminator-form-110__field--select-1_69f76016732fa\" id=\"forminator-form-110__field--select-1_69f76016732fa-label\" class=\"forminator-label\">Je suis int\u00e9ress\u00e9 par <span class=\"forminator-required\">*<\/span><\/label><select  id=\"forminator-form-110__field--select-1_69f76016732fa\" class=\"forminator-select--field forminator-select2 forminator-select2-multiple\" data-required=\"1\" name=\"select-1\" data-default-value=\"\" data-hidden-behavior=\"zero\" data-placeholder=\"Please choose an option\" data-search=\"false\" data-search-placeholder=\"Please choose an option\" data-checkbox=\"false\" data-allow-clear=\"false\" aria-labelledby=\"forminator-form-110__field--select-1_69f76016732fa-label\"><option value=\"\"  >Veuillez choisir une option<\/option><option value=\"one\"  data-calculation=\"0\">Programme de coaching 1 on 1<\/option><option value=\"two\"  data-calculation=\"0\">Programme de coaching en groupe<\/option><option value=\"Wellness-Sessions\"  data-calculation=\"0\">Cours de QI GONG<\/option><option value=\"Biofield-Tuning-Classes\"  data-calculation=\"0\">Cours de Biofield Tuning<\/option><option value=\"General-Inquiries\"  data-calculation=\"0\">Demande g\u00e9n\u00e9rale<\/option><\/select><\/div><\/div><\/div><div class=\"forminator-row\"><div id=\"textarea-1\" class=\"forminator-field-textarea forminator-col forminator-col-12\"><div class=\"forminator-field\"><label for=\"forminator-field-textarea-1_69f76016732fa\" id=\"forminator-field-textarea-1_69f76016732fa-label\" class=\"forminator-label\">Votre message<\/label><textarea name=\"textarea-1\" placeholder=\"\" id=\"forminator-field-textarea-1_69f76016732fa\" class=\"forminator-textarea\" rows=\"6\" style=\"min-height:140px;\" ><\/textarea><\/div><\/div><\/div><div class=\"forminator-row\"><div id=\"checkbox-1\" class=\"forminator-field-checkbox forminator-col forminator-col-12\"><div role=\"group\" class=\"forminator-field\" aria-labelledby=\"forminator-checkbox-group-69f76016732fa-label\"><label id=\"forminator-field-checkbox-1-1-69f76016732fa-label\" for=\"forminator-field-checkbox-1-1-69f76016732fa\" class=\"forminator-checkbox forminator-checkbox-inline\" title=\"Je consens \u00e0 recevoir des informations, des mises \u00e0 jour et des promotions de la part de Lucie Montpetit par courriel. Je comprends que je peux me d\u00e9sabonner \u00e0 tout moment.\"><input type=\"checkbox\" name=\"checkbox-1[]\" value=\"one\" id=\"forminator-field-checkbox-1-1-69f76016732fa\" aria-labelledby=\"forminator-field-checkbox-1-1-69f76016732fa-label\" data-calculation=\"0\"   data-hidden-behavior=\"zero\"\/><span class=\"forminator-checkbox-box\" aria-hidden=\"true\"><\/span><span class=\"forminator-checkbox-label\">Je consens \u00e0 recevoir des informations, des mises \u00e0 jour et des promotions de la part de Lucie Montpetit par courriel. Je comprends que je peux me d\u00e9sabonner \u00e0 tout moment.<\/span><\/label><\/div><\/div><\/div><input type=\"hidden\" name=\"referer_url\" value=\"\" \/><div class=\"forminator-row forminator-row-last\"><div class=\"forminator-col\"><div class=\"forminator-field\"><button class=\"forminator-button forminator-button-submit\">Envoyer le message<\/button><\/div><\/div><\/div><input type=\"hidden\" id=\"forminator_nonce\" name=\"forminator_nonce\" value=\"686645c249\" \/><input type=\"hidden\" name=\"_wp_http_referer\" value=\"\/fr\/wp-json\/wp\/v2\/pages\/105\" \/><input type=\"hidden\" name=\"form_id\" value=\"110\"><input type=\"hidden\" name=\"page_id\" value=\"105\"><input type=\"hidden\" name=\"form_type\" value=\"default\"><input type=\"hidden\" name=\"current_url\" value=\"https:\/\/luciemontpetit.com\/fr\/contact-me\/\"><input type=\"hidden\" name=\"render_id\" value=\"1\"><input type=\"hidden\" name=\"action\" value=\"forminator_submit_form_custom-forms\"><input type=\"hidden\" name=\"trp-form-language\" value=\"fr\"\/><\/form>SPECIALTIES Wellness CoachingBiofield Tuning PractitionerMental &amp; Body ShiftCONTACT C: +1 (514) 266 &#8211; 5360AFFILIATION SOMA BreathPrivacy PolicyTerms and conditions<\/p>","protected":false},"author":1,"featured_media":0,"parent":0,"menu_order":0,"comment_status":"closed","ping_status":"closed","template":"","meta":{"_et_pb_use_builder":"on","_et_pb_old_content":"","_et_gb_content_width":"","inline_featured_image":false,"footnotes":""},"class_list":["post-105","page","type-page","status-publish","hentry"],"aioseo_notices":[],"_links":{"self":[{"href":"https:\/\/luciemontpetit.com\/fr\/wp-json\/wp\/v2\/pages\/105","targetHints":{"allow":["GET"]}}],"collection":[{"href":"https:\/\/luciemontpetit.com\/fr\/wp-json\/wp\/v2\/pages"}],"about":[{"href":"https:\/\/luciemontpetit.com\/fr\/wp-json\/wp\/v2\/types\/page"}],"author":[{"embeddable":true,"href":"https:\/\/luciemontpetit.com\/fr\/wp-json\/wp\/v2\/users\/1"}],"replies":[{"embeddable":true,"href":"https:\/\/luciemontpetit.com\/fr\/wp-json\/wp\/v2\/comments?post=105"}],"version-history":[{"count":5,"href":"https:\/\/luciemontpetit.com\/fr\/wp-json\/wp\/v2\/pages\/105\/revisions"}],"predecessor-version":[{"id":675,"href":"https:\/\/luciemontpetit.com\/fr\/wp-json\/wp\/v2\/pages\/105\/revisions\/675"}],"wp:attachment":[{"href":"https:\/\/luciemontpetit.com\/fr\/wp-json\/wp\/v2\/media?parent=105"}],"curies":[{"name":"wp","href":"https:\/\/api.w.org\/{rel}","templated":true}]}}